{"id":43,"date":"2018-12-14T18:22:36","date_gmt":"2018-12-14T18:22:36","guid":{"rendered":"http:\/\/neu.rhythmuschor.de\/?page_id=43"},"modified":"2018-12-30T14:09:55","modified_gmt":"2018-12-30T13:09:55","slug":"startseite","status":"publish","type":"page","link":"https:\/\/www.rhythmuschor.de\/","title":{"rendered":"Willkommen!"},"content":{"rendered":"\n<blockquote class=\"wp-block-quote is-style-default is-layout-flow wp-block-quote-is-layout-flow\"><p><strong>S<\/strong>ingen: Das ist es, was uns verbindet. Wir, das ist der Rhythmuschor aus M\u00f6nchengladbach Waldhausen.<\/p><p><strong>I<\/strong>nteressant: Was uns von vielen anderen Ch\u00f6ren unterscheidet, ist die Altersstruktur. Unsere S\u00e4nger\/-innen sind zwischen 14 und 80 Jahre alt.<\/p><p><strong>N<\/strong>eugierig?: \u00dcber moderne und besinnliche Kirchenlieder hinaus singen wir Lieder in Deutsch, Englisch, K\u00f6lsch und Gladbacher Platt. Lieder zum Mitsingen, Mitmachen, Nachdenken und Zuh\u00f6ren.<\/p><p><strong>G<\/strong>eselligkeit: Wir feiern die Feste, wie sie fallen!<\/p><p><strong>E<\/strong>ngagement: Das hei\u00dft f\u00fcr uns &#8211; einfach f\u00fcr andere da zu sein!<\/p><p><strong>N<\/strong>eu: Neue Mitglieder sind uns immer gerne willkommen!<\/p><p>Wir freuen uns sehr, Euch auf unserer Webseite begr\u00fc\u00dfen zu d\u00fcrfen und w\u00fcnschen Euch jetzt viel Spa\u00df dabei, uns in den verschiedenen Rubriken n\u00e4her kennen zu lernen.<\/p><cite>Euer Rhythmuschor Waldhausen<\/cite><\/blockquote>\n","protected":false},"excerpt":{"rendered":"<p>Singen: Das ist es, was uns verbindet. Wir, das ist der Rhythmuschor aus M\u00f6nchengladbach Waldhausen. Interessant: Was uns von vielen anderen Ch\u00f6ren unterscheidet, ist die Altersstruktur. Unsere S\u00e4nger\/-innen sind zwischen 14 und 80 Jahre alt. Neugierig?: \u00dcber moderne und besinnliche Kirchenlieder hinaus singen wir Lieder in Deutsch, Englisch, K\u00f6lsch und Gladbacher Platt. Lieder zum Mitsingen, &hellip; <\/p>\n<p class=\"link-more\"><a href=\"https:\/\/www.rhythmuschor.de\/\" class=\"more-link\"><span class=\"screen-reader-text\">\u201eWillkommen!\u201c <\/span>weiterlesen<\/a><\/p>\n","protected":false},"author":2,"featured_media":0,"parent":0,"menu_order":0,"comment_status":"closed","ping_status":"closed","template":"","meta":{"footnotes":""},"class_list":["post-43","page","type-page","status-publish","hentry"],"_links":{"self":[{"href":"https:\/\/www.rhythmuschor.de\/index.php?rest_route=\/wp\/v2\/pages\/43","targetHints":{"allow":["GET"]}}],"collection":[{"href":"https:\/\/www.rhythmuschor.de\/index.php?rest_route=\/wp\/v2\/pages"}],"about":[{"href":"https:\/\/www.rhythmuschor.de\/index.php?rest_route=\/wp\/v2\/types\/page"}],"author":[{"embeddable":true,"href":"https:\/\/www.rhythmuschor.de\/index.php?rest_route=\/wp\/v2\/users\/2"}],"replies":[{"embeddable":true,"href":"https:\/\/www.rhythmuschor.de\/index.php?rest_route=%2Fwp%2Fv2%2Fcomments&post=43"}],"version-history":[{"count":4,"href":"https:\/\/www.rhythmuschor.de\/index.php?rest_route=\/wp\/v2\/pages\/43\/revisions"}],"predecessor-version":[{"id":52,"href":"https:\/\/www.rhythmuschor.de\/index.php?rest_route=\/wp\/v2\/pages\/43\/revisions\/52"}],"wp:attachment":[{"href":"https:\/\/www.rhythmuschor.de\/index.php?rest_route=%2Fwp%2Fv2%2Fmedia&parent=43"}],"curies":[{"name":"wp","href":"https:\/\/api.w.org\/{rel}","templated":true}]}}