{"id":403,"date":"2019-01-28T19:13:14","date_gmt":"2019-01-28T18:13:14","guid":{"rendered":"http:\/\/neu.rhythmuschor.de\/?page_id=403"},"modified":"2025-11-13T19:15:51","modified_gmt":"2025-11-13T18:15:51","slug":"mitglied-werden","status":"publish","type":"page","link":"https:\/\/www.rhythmuschor.de\/?page_id=403","title":{"rendered":"Mitglied werden"},"content":{"rendered":"\n<p>Du bist noch kein Mitglied? Du hast Interesse am Rhythmuschor Waldhausen und m\u00f6chtest aktives oder passives Mitglied werden? Dann lade einfach die Beitrittserkl\u00e4rung herunter, f\u00fclle diese aus und sende die ausgef\u00fcllte Datei an <a href=\"mailto:info@rhythmuschor.de\">unsere&nbsp;Email-Adresse<\/a>.<\/p>\n\n\n\n<div class=\"wp-block-file\"><a id=\"wp-block-file--media-77c72ca2-721c-47aa-ac18-4f4b2becf8df\" href=\"https:\/\/www.rhythmuschor.de\/wp-content\/uploads\/2025\/11\/Beitritt_2024.pdf\" target=\"_blank\" rel=\"noreferrer noopener\">Beitrittserkl\u00e4rung<\/a><a href=\"https:\/\/www.rhythmuschor.de\/wp-content\/uploads\/2025\/11\/Beitritt_2024.pdf\" class=\"wp-block-file__button wp-element-button\" download aria-describedby=\"wp-block-file--media-77c72ca2-721c-47aa-ac18-4f4b2becf8df\">Herunterladen<\/a><\/div>\n\n\n\n<div class=\"wp-block-file\"><a href=\"https:\/\/www.rhythmuschor.de\/wp-content\/uploads\/2020\/01\/Verlagsrecht-Richtlinie-Rhythmuschor-V1.0.pdf\">Verlagsrecht Richtlinie<\/a><a href=\"https:\/\/www.rhythmuschor.de\/wp-content\/uploads\/2020\/01\/Verlagsrecht-Richtlinie-Rhythmuschor-V1.0.pdf\" class=\"wp-block-file__button wp-element-button\" download>Herunterladen<\/a><\/div>\n\n\n\n<div class=\"wp-block-file\"><a href=\"https:\/\/www.rhythmuschor.de\/wp-content\/uploads\/2020\/01\/Datenschutzrichtlinie-Rhythmuschor-V1.1.pdf\">Datenschutzrichtlinie<\/a><a href=\"https:\/\/www.rhythmuschor.de\/wp-content\/uploads\/2020\/01\/Datenschutzrichtlinie-Rhythmuschor-V1.1.pdf\" class=\"wp-block-file__button wp-element-button\" download>Herunterladen<\/a><\/div>\n","protected":false},"excerpt":{"rendered":"<p>Du bist noch kein Mitglied? Du hast Interesse am Rhythmuschor Waldhausen und m\u00f6chtest aktives oder passives Mitglied werden? Dann lade einfach die Beitrittserkl\u00e4rung herunter, f\u00fclle diese aus und sende die ausgef\u00fcllte Datei an unsere&nbsp;Email-Adresse.<\/p>\n","protected":false},"author":2,"featured_media":0,"parent":0,"menu_order":0,"comment_status":"closed","ping_status":"closed","template":"","meta":{"footnotes":""},"class_list":["post-403","page","type-page","status-publish","hentry"],"_links":{"self":[{"href":"https:\/\/www.rhythmuschor.de\/index.php?rest_route=\/wp\/v2\/pages\/403","targetHints":{"allow":["GET"]}}],"collection":[{"href":"https:\/\/www.rhythmuschor.de\/index.php?rest_route=\/wp\/v2\/pages"}],"about":[{"href":"https:\/\/www.rhythmuschor.de\/index.php?rest_route=\/wp\/v2\/types\/page"}],"author":[{"embeddable":true,"href":"https:\/\/www.rhythmuschor.de\/index.php?rest_route=\/wp\/v2\/users\/2"}],"replies":[{"embeddable":true,"href":"https:\/\/www.rhythmuschor.de\/index.php?rest_route=%2Fwp%2Fv2%2Fcomments&post=403"}],"version-history":[{"count":8,"href":"https:\/\/www.rhythmuschor.de\/index.php?rest_route=\/wp\/v2\/pages\/403\/revisions"}],"predecessor-version":[{"id":3312,"href":"https:\/\/www.rhythmuschor.de\/index.php?rest_route=\/wp\/v2\/pages\/403\/revisions\/3312"}],"wp:attachment":[{"href":"https:\/\/www.rhythmuschor.de\/index.php?rest_route=%2Fwp%2Fv2%2Fmedia&parent=403"}],"curies":[{"name":"wp","href":"https:\/\/api.w.org\/{rel}","templated":true}]}}