{"id":22,"date":"2018-12-14T18:01:14","date_gmt":"2018-12-14T18:01:14","guid":{"rendered":"http:\/\/neu.rhythmuschor.de\/?page_id=22"},"modified":"2020-01-26T12:45:52","modified_gmt":"2020-01-26T11:45:52","slug":"impressum","status":"publish","type":"page","link":"https:\/\/www.rhythmuschor.de\/?page_id=22","title":{"rendered":"Impressum"},"content":{"rendered":"\n<p><strong>Herausgeber<\/strong><br>Herausgeber dieser Website ist der Rhythmuschor Waldhausen aus M\u00f6nchengladbach<\/p>\n\n\n\n<p><strong>Webmaster<\/strong><br>Lea Laumann (<a href=\"mailto:webmaster@rhythmuschor.de\">webmaster@rhythmuschor.de<\/a>)<\/p>\n\n\n\n<p><strong>Kontakt<\/strong><br>E-Mail-Adresse des Rhythmuschors: <a href=\"mailto:info@rhythmuschor.de\">info@rhythmuschor.de<\/a><\/p>\n\n\n\n<p><strong>Idee<\/strong><br>Die Ideen f\u00fcr diese Website sind aus einer Teamarbeit einiger Chormitglieder entstanden. Diese hei\u00dfen: Stefanie Halluschky,\u00a0Bettina Weuthen,\u00a0Markus Weuthen und\u00a0Daniela Siegers <br><\/p>\n\n\n\n<p>Inhaltlich verantwortlich im Sinne des \u00a76 MDStV ist der Vorstand.<br>Wir \u00fcbernehmen keine Haftung f\u00fcr die Inhalte anderer Websites, die Sie \u00fcber Links von unserer Seite aus erreichen k\u00f6nnen. Hierbei handelt es sich um fremde Angebote, auf deren inhaltliche Gestaltung wir keinen Einfluss haben. Sollten Sie Kenntnis von rechtswidrigen Inhalten anderer Websites erhalten, auf die wir mit einem Link verweisen, bitten wir um einen entsprechenden Hinweis an uns. <\/p>\n","protected":false},"excerpt":{"rendered":"<p>HerausgeberHerausgeber dieser Website ist der Rhythmuschor Waldhausen aus M\u00f6nchengladbach WebmasterLea Laumann (webmaster@rhythmuschor.de) KontaktE-Mail-Adresse des Rhythmuschors: info@rhythmuschor.de IdeeDie Ideen f\u00fcr diese Website sind aus einer Teamarbeit einiger Chormitglieder entstanden. Diese hei\u00dfen: Stefanie Halluschky,\u00a0Bettina Weuthen,\u00a0Markus Weuthen und\u00a0Daniela Siegers Inhaltlich verantwortlich im Sinne des \u00a76 MDStV ist der Vorstand.Wir \u00fcbernehmen keine Haftung f\u00fcr die Inhalte anderer Websites, die &hellip; <\/p>\n<p class=\"link-more\"><a href=\"https:\/\/www.rhythmuschor.de\/?page_id=22\" class=\"more-link\"><span class=\"screen-reader-text\">\u201eImpressum\u201c <\/span>weiterlesen<\/a><\/p>\n","protected":false},"author":2,"featured_media":0,"parent":0,"menu_order":0,"comment_status":"closed","ping_status":"closed","template":"","meta":{"footnotes":""},"class_list":["post-22","page","type-page","status-publish","hentry"],"_links":{"self":[{"href":"https:\/\/www.rhythmuschor.de\/index.php?rest_route=\/wp\/v2\/pages\/22","targetHints":{"allow":["GET"]}}],"collection":[{"href":"https:\/\/www.rhythmuschor.de\/index.php?rest_route=\/wp\/v2\/pages"}],"about":[{"href":"https:\/\/www.rhythmuschor.de\/index.php?rest_route=\/wp\/v2\/types\/page"}],"author":[{"embeddable":true,"href":"https:\/\/www.rhythmuschor.de\/index.php?rest_route=\/wp\/v2\/users\/2"}],"replies":[{"embeddable":true,"href":"https:\/\/www.rhythmuschor.de\/index.php?rest_route=%2Fwp%2Fv2%2Fcomments&post=22"}],"version-history":[{"count":11,"href":"https:\/\/www.rhythmuschor.de\/index.php?rest_route=\/wp\/v2\/pages\/22\/revisions"}],"predecessor-version":[{"id":2621,"href":"https:\/\/www.rhythmuschor.de\/index.php?rest_route=\/wp\/v2\/pages\/22\/revisions\/2621"}],"wp:attachment":[{"href":"https:\/\/www.rhythmuschor.de\/index.php?rest_route=%2Fwp%2Fv2%2Fmedia&parent=22"}],"curies":[{"name":"wp","href":"https:\/\/api.w.org\/{rel}","templated":true}]}}