{"id":21,"date":"2018-12-14T18:01:14","date_gmt":"2018-12-14T18:01:14","guid":{"rendered":"http:\/\/neu.rhythmuschor.de\/?page_id=21"},"modified":"2025-11-21T21:11:30","modified_gmt":"2025-11-21T20:11:30","slug":"chronik","status":"publish","type":"page","link":"https:\/\/www.rhythmuschor.de\/?page_id=21","title":{"rendered":"Chronik"},"content":{"rendered":"\n<h2 class=\"wp-block-heading\">Wissenswertes<\/h2>\n\n\n\n<ul class=\"wp-block-list\">\n<li>Im Jahr 1973 entstand der Chor bei dem Wunsch des damaligen Pfarrers der Gemeinde St. Peter Waldhausen, dass die Osternachtsmesse versch\u00f6nert werden sollte.<\/li>\n\n\n\n<li>Das Ziel des neuen Chores: Mit rhythmischen Liedern in Familien- oder Jugendmessen neue Aspekte zu setzen.<\/li>\n\n\n\n<li>Frei nach dem Motto: Der Name ist Programm! So wurde aus dem Ziel, rhythmische Lieder zu singen, der Name &#8222;Rhythmuschor&#8220; gemacht.<\/li>\n\n\n\n<li>Die gemischte Altersstruktur hat viel zum Zusammenhalt im Chor beigetragen \u2013 von 14 Jahren bis ins hohe Rentenalter sind alle Jahrg\u00e4nge vertreten.<\/li>\n\n\n\n<li>Jochen Brings f\u00fchrte den Chor zur Mehrstimmigkeit und studierte mit dem Chor auch weltliche St\u00fccke ein.<\/li>\n\n\n\n<li>Immer mit dabei ist unsere Instrumentalisten-Gruppe bestehend aus <br>Cello, Keyboard, Gitarre, Querfl\u00f6te und Schlagzeug. Bei gr\u00f6\u00dferen Anl\u00e4ssen wird diese Gruppe um weitere Blas- und Streichinstrumente erg\u00e4nzt.<\/li>\n\n\n\n<li>Auch soziales Engagement kommt bei uns nicht zu kurz. So geh\u00f6ren kleine Gesangseinlagen in Krankenh\u00e4usern, Behinderten-Einrichtungen usw. zu unseren selbstverst\u00e4ndlichen j\u00e4hrlichen Programmpunkten.<\/li>\n\n\n\n<li>Liederabende bzw. Konzerte finden alle zwei bis drei Jahre statt.<\/li>\n\n\n\n<li>Wir singen gerne mit und bei Freunden. So singen wir mit befreundeten Orchestern und Ch\u00f6ren und auch bei unseren Freunden in der Evangelischen Kirche.<\/li>\n<\/ul>\n\n\n\n<h2 class=\"wp-block-heading\">Chorleiter<\/h2>\n\n\n\n<figure class=\"wp-block-table\"><table><tbody><tr><td> Von April 1973 bis Februar 1977<\/td><td> Robert B\u00fcscher<\/td><\/tr><tr><td> Von Februar 1977 bis November 1979<\/td><td> Albert Klu\u00df<\/td><\/tr><tr><td> Von November 1979 bis Januar 2022<\/td><td>Jochen Brings<\/td><\/tr><tr><td>Von Juni 2022 bis November 2024<\/td><td>David Koebele<\/td><\/tr><\/tbody><\/table><\/figure>\n","protected":false},"excerpt":{"rendered":"<p>Wissenswertes Chorleiter Von April 1973 bis Februar 1977 Robert B\u00fcscher Von Februar 1977 bis November 1979 Albert Klu\u00df Von November 1979 bis Januar 2022 Jochen Brings Von Juni 2022 bis November 2024 David Koebele<\/p>\n","protected":false},"author":2,"featured_media":0,"parent":0,"menu_order":0,"comment_status":"closed","ping_status":"closed","template":"","meta":{"footnotes":""},"class_list":["post-21","page","type-page","status-publish","hentry"],"_links":{"self":[{"href":"https:\/\/www.rhythmuschor.de\/index.php?rest_route=\/wp\/v2\/pages\/21","targetHints":{"allow":["GET"]}}],"collection":[{"href":"https:\/\/www.rhythmuschor.de\/index.php?rest_route=\/wp\/v2\/pages"}],"about":[{"href":"https:\/\/www.rhythmuschor.de\/index.php?rest_route=\/wp\/v2\/types\/page"}],"author":[{"embeddable":true,"href":"https:\/\/www.rhythmuschor.de\/index.php?rest_route=\/wp\/v2\/users\/2"}],"replies":[{"embeddable":true,"href":"https:\/\/www.rhythmuschor.de\/index.php?rest_route=%2Fwp%2Fv2%2Fcomments&post=21"}],"version-history":[{"count":19,"href":"https:\/\/www.rhythmuschor.de\/index.php?rest_route=\/wp\/v2\/pages\/21\/revisions"}],"predecessor-version":[{"id":3320,"href":"https:\/\/www.rhythmuschor.de\/index.php?rest_route=\/wp\/v2\/pages\/21\/revisions\/3320"}],"wp:attachment":[{"href":"https:\/\/www.rhythmuschor.de\/index.php?rest_route=%2Fwp%2Fv2%2Fmedia&parent=21"}],"curies":[{"name":"wp","href":"https:\/\/api.w.org\/{rel}","templated":true}]}}